{"id":1638,"date":"2021-02-14T02:13:50","date_gmt":"2021-02-14T02:13:50","guid":{"rendered":"https:\/\/foxconnbajacal.wpengine.com\/?page_id=1638"},"modified":"2023-06-06T18:37:50","modified_gmt":"2023-06-06T18:37:50","slug":"introduccion-de-nuevos-productos","status":"publish","type":"page","link":"https:\/\/foxconnbc.com.mx\/es\/soluciones\/introduccion-de-nuevos-productos\/","title":{"rendered":"INTRODUCCI\u00d3N DE NUEVOS PRODUCTOS"},"content":{"rendered":"\t\t<div data-elementor-type=\"wp-page\" data-elementor-id=\"1638\" class=\"elementor elementor-1638\" data-elementor-post-type=\"page\">\n\t\t\t\t\t\t<section class=\"elementor-section elementor-top-section elementor-element elementor-element-85e808d elementor-section-full_width elementor-section-content-middle elementor-section-height-min-height elementor-section-height-default elementor-section-items-middle\" data-id=\"85e808d\" data-element_type=\"section\" data-settings=\"{&quot;background_background&quot;:&quot;video&quot;,&quot;background_video_link&quot;:&quot;https:\\\/\\\/youtu.be\\\/dZBynqzU8OM&quot;,&quot;background_play_on_mobile&quot;:&quot;yes&quot;}\">\n\t\t\t\t\t\t\t\t<div class=\"elementor-background-video-container\" aria-hidden=\"true\">\n\t\t\t\t\t\t\t\t\t\t\t\t\t<div class=\"elementor-background-video-embed\"><\/div>\n\t\t\t\t\t\t\t\t\t\t\t\t<\/div>\n\t\t\t\t\t\t\t\t<div class=\"elementor-container elementor-column-gap-no\">\n\t\t\t\t\t<div class=\"elementor-column elementor-col-100 elementor-top-column elementor-element elementor-element-d5a92c8\" data-id=\"d5a92c8\" data-element_type=\"column\">\n\t\t\t<div class=\"elementor-widget-wrap elementor-element-populated\">\n\t\t\t\t\t\t<div class=\"elementor-element elementor-element-610e706 elementor-widget elementor-widget-heading\" data-id=\"610e706\" data-element_type=\"widget\" data-widget_type=\"heading.default\">\n\t\t\t\t<div class=\"elementor-widget-container\">\n\t\t\t\t\t<h1 class=\"elementor-heading-title elementor-size-default\">INTRODUCCI\u00d3N DE NUEVOS <br>PRODUCTOS<\/h1>\t\t\t\t<\/div>\n\t\t\t\t<\/div>\n\t\t\t\t<div class=\"elementor-element elementor-element-657cafa elementor-widget-divider--view-line elementor-widget elementor-widget-divider\" data-id=\"657cafa\" data-element_type=\"widget\" data-widget_type=\"divider.default\">\n\t\t\t\t<div class=\"elementor-widget-container\">\n\t\t\t\t\t\t\t<div class=\"elementor-divider\">\n\t\t\t<span class=\"elementor-divider-separator\">\n\t\t\t\t\t\t<\/span>\n\t\t<\/div>\n\t\t\t\t\t\t<\/div>\n\t\t\t\t<\/div>\n\t\t\t\t<div class=\"elementor-element elementor-element-a80f23b elementor-widget elementor-widget-html\" data-id=\"a80f23b\" data-element_type=\"widget\" data-widget_type=\"html.default\">\n\t\t\t\t<div class=\"elementor-widget-container\">\n\t\t\t\t\t<script type=\"text\/javascript\">\n           particlesJS('particles-npi', \n{\"particles\":{\"number\":{\"value\":199,\"density\":{\"enable\":true,\"value_area\":552.4033491425909}},\"color\":{\"value\":\"#ffffff\"},\"shape\":{\"type\":\"circle\",\"stroke\":{\"width\":0,\"color\":\"#000000\"},\"polygon\":{\"nb_sides\":5},\"image\":{\"src\":\"img\\\/github.svg\",\"width\":100,\"height\":100}},\"opacity\":{\"value\":0.5,\"random\":false,\"anim\":{\"enable\":false,\"speed\":1,\"opacity_min\":0.1,\"sync\":false}},\"size\":{\"value\":3,\"random\":true,\"anim\":{\"enable\":false,\"speed\":40,\"size_min\":0.1,\"sync\":false}},\"line_linked\":{\"enable\":false,\"distance\":150,\"color\":\"#ffffff\",\"opacity\":0.4,\"width\":1},\"move\":{\"enable\":true,\"speed\":6,\"direction\":\"none\",\"random\":false,\"straight\":false,\"out_mode\":\"out\",\"bounce\":false,\"attract\":{\"enable\":false,\"rotateX\":600,\"rotateY\":1200}}},\"interactivity\":{\"detect_on\":\"canvas\",\"events\":{\"onhover\":{\"enable\":false,\"mode\":\"bubble\"},\"onclick\":{\"enable\":true,\"mode\":\"push\"},\"resize\":true},\"modes\":{\"grab\":{\"distance\":400,\"line_linked\":{\"opacity\":1}},\"bubble\":{\"distance\":400,\"size\":40,\"duration\":2,\"opacity\":8,\"speed\":3},\"repulse\":{\"distance\":200,\"duration\":0.4},\"push\":{\"particles_nb\":4},\"remove\":{\"particles_nb\":2}}},\"retina_detect\":true}\n);        <\/script>\n\n        <style type=\"text\/css\">\n            canvas.particles-js-canvas-el {\n                position: absolute;\n                top: 0;\n                left: 0;\n            }\n        <\/style>\t\t\t\t<\/div>\n\t\t\t\t<\/div>\n\t\t\t\t\t<\/div>\n\t\t<\/div>\n\t\t\t\t\t<\/div>\n\t\t<\/section>\n\t\t\t\t<section class=\"elementor-section elementor-top-section elementor-element elementor-element-40f9b3c elementor-section-boxed elementor-section-height-default elementor-section-height-default elementor-invisible\" data-id=\"40f9b3c\" data-element_type=\"section\" data-settings=\"{&quot;animation&quot;:&quot;fadeIn&quot;}\">\n\t\t\t\t\t\t<div class=\"elementor-container elementor-column-gap-default\">\n\t\t\t\t\t<div class=\"elementor-column elementor-col-100 elementor-top-column elementor-element elementor-element-777100e\" data-id=\"777100e\" data-element_type=\"column\">\n\t\t\t<div class=\"elementor-widget-wrap elementor-element-populated\">\n\t\t\t\t\t\t<div class=\"elementor-element elementor-element-8288945 elementor-widget elementor-widget-text-editor\" data-id=\"8288945\" data-element_type=\"widget\" data-widget_type=\"text-editor.default\">\n\t\t\t\t<div class=\"elementor-widget-container\">\n\t\t\t\t\t\t\t\t\t<div class=\"page\" title=\"Page 1\"><div class=\"layoutArea\"><div class=\"column\"><p>Trabajamos en <strong>Ingenieri\u0301a de Pruebas<\/strong>, Prototipos y en colaboracio\u0301n con Ingenieri\u0301a de Productos para definir los requisitos de fabricacio\u0301n dentro del proceso de desarrollo de nuevos productos, con el objetivo de mejorar el tiempo de comercializacio\u0301n.<\/p><\/div><\/div><\/div><p>\u00a0<\/p>\t\t\t\t\t\t\t\t<\/div>\n\t\t\t\t<\/div>\n\t\t\t\t\t<\/div>\n\t\t<\/div>\n\t\t\t\t\t<\/div>\n\t\t<\/section>\n\t\t\t\t<section class=\"elementor-section elementor-top-section elementor-element elementor-element-28fa4de elementor-section-full_width elementor-section-height-default elementor-section-height-default elementor-invisible\" data-id=\"28fa4de\" data-element_type=\"section\" data-settings=\"{&quot;background_background&quot;:&quot;classic&quot;,&quot;animation&quot;:&quot;fadeInUp&quot;,&quot;animation_delay&quot;:300}\">\n\t\t\t\t\t\t<div class=\"elementor-container elementor-column-gap-default\">\n\t\t\t\t\t<div class=\"elementor-column elementor-col-100 elementor-top-column elementor-element elementor-element-bc6441c\" data-id=\"bc6441c\" data-element_type=\"column\">\n\t\t\t<div class=\"elementor-widget-wrap elementor-element-populated\">\n\t\t\t\t\t\t<div class=\"elementor-element elementor-element-b8943e5 elementor-tabs-view-vertical foxconn-tabs elementor-widget elementor-widget-tabs\" data-id=\"b8943e5\" data-element_type=\"widget\" data-widget_type=\"tabs.default\">\n\t\t\t\t<div class=\"elementor-widget-container\">\n\t\t\t\t\t\t\t<div class=\"elementor-tabs\">\n\t\t\t<div class=\"elementor-tabs-wrapper\" role=\"tablist\" >\n\t\t\t\t\t\t\t\t\t<div id=\"elementor-tab-title-1931\" class=\"elementor-tab-title elementor-tab-desktop-title\" aria-selected=\"true\" data-tab=\"1\" role=\"tab\" tabindex=\"0\" aria-controls=\"elementor-tab-content-1931\" aria-expanded=\"false\"><span class=\"title-icon\"><img decoding=\"async\" width=\"37\" height=\"36\" src=\"\/wp-content\/uploads\/2021\/02\/icon-testability.svg\" \/><\/span> Ingenier\u00eda de pruebas<\/div>\n\t\t\t\t\t\t\t\t\t<div id=\"elementor-tab-title-1932\" class=\"elementor-tab-title elementor-tab-desktop-title\" aria-selected=\"false\" data-tab=\"2\" role=\"tab\" tabindex=\"-1\" aria-controls=\"elementor-tab-content-1932\" aria-expanded=\"false\"><span class=\"title-icon\"><img decoding=\"async\" width=\"37\" height=\"36\" src=\"\/wp-content\/uploads\/2021\/02\/icon-product-development_1.svg\" \/><\/span> Gesti\u00f3n de prototipos<\/div>\n\t\t\t\t\t\t\t\t\t<div id=\"elementor-tab-title-1933\" class=\"elementor-tab-title elementor-tab-desktop-title\" aria-selected=\"false\" data-tab=\"3\" role=\"tab\" tabindex=\"-1\" aria-controls=\"elementor-tab-content-1933\" aria-expanded=\"false\"><span class=\"title-icon\"><img decoding=\"async\" width=\"37\" height=\"36\" src=\"\/wp-content\/uploads\/2021\/02\/icon-manufacturing_1.svg\" \/><\/span> Preproducci\u00f3n a <br>producci\u00f3n masiva<\/div>\n\t\t\t\t\t\t\t<\/div>\n\t\t\t<div class=\"elementor-tabs-content-wrapper\" role=\"tablist\" aria-orientation=\"vertical\">\n\t\t\t\t\t\t\t\t\t<div class=\"elementor-tab-title elementor-tab-mobile-title\" aria-selected=\"true\" data-tab=\"1\" role=\"tab\" tabindex=\"0\" aria-controls=\"elementor-tab-content-1931\" aria-expanded=\"false\"><span class=\"title-icon\"><img decoding=\"async\" width=\"37\" height=\"36\" src=\"\/wp-content\/uploads\/2021\/02\/icon-testability.svg\" \/><\/span> Ingenier\u00eda de pruebas<\/div>\n\t\t\t\t\t<div id=\"elementor-tab-content-1931\" class=\"elementor-tab-content elementor-clearfix\" data-tab=\"1\" role=\"tabpanel\" aria-labelledby=\"elementor-tab-title-1931\" tabindex=\"0\" hidden=\"false\"><p style=\"margin: 60px;\">Brindando soluciones innovadoras para garantizar la eficiencia de su producto, comprobando minuciosamente que los materiales y procesos sean los m\u00e1s \u00f3ptimos antes del lanzamiento de producto.<\/p><p><img loading=\"lazy\" decoding=\"async\" class=\"alignnone wp-image-4999 size-large\" src=\"https:\/\/foxconnbajacal.wpengine.com\/wp-content\/uploads\/2021\/03\/foxconn-solutions-npi-testeng2-1024x592.jpg\" alt=\"\" width=\"800\" height=\"463\" srcset=\"https:\/\/foxconnbc.com.mx\/wp-content\/uploads\/2021\/03\/foxconn-solutions-npi-testeng2-1024x592.jpg 1024w, https:\/\/foxconnbc.com.mx\/wp-content\/uploads\/2021\/03\/foxconn-solutions-npi-testeng2-300x173.jpg 300w, https:\/\/foxconnbc.com.mx\/wp-content\/uploads\/2021\/03\/foxconn-solutions-npi-testeng2-768x444.jpg 768w, https:\/\/foxconnbc.com.mx\/wp-content\/uploads\/2021\/03\/foxconn-solutions-npi-testeng2-1536x888.jpg 1536w, https:\/\/foxconnbc.com.mx\/wp-content\/uploads\/2021\/03\/foxconn-solutions-npi-testeng2.jpg 1660w\" sizes=\"(max-width: 800px) 100vw, 800px\" \/><\/p><\/div>\n\t\t\t\t\t\t\t\t\t<div class=\"elementor-tab-title elementor-tab-mobile-title\" aria-selected=\"false\" data-tab=\"2\" role=\"tab\" tabindex=\"-1\" aria-controls=\"elementor-tab-content-1932\" aria-expanded=\"false\"><span class=\"title-icon\"><img decoding=\"async\" width=\"37\" height=\"36\" src=\"\/wp-content\/uploads\/2021\/02\/icon-product-development_1.svg\" \/><\/span> Gesti\u00f3n de prototipos<\/div>\n\t\t\t\t\t<div id=\"elementor-tab-content-1932\" class=\"elementor-tab-content elementor-clearfix\" data-tab=\"2\" role=\"tabpanel\" aria-labelledby=\"elementor-tab-title-1932\" tabindex=\"0\" hidden=\"hidden\"><p style=\"margin: 60px;\">Ofrecemos procesos de prototipos r\u00e1pidos garantizando un producto de calidad de acuerdo a los requerimientos del mercado y as\u00ed evitar cualquier retraso en la producci\u00f3n de su producto.<\/p><p><img loading=\"lazy\" decoding=\"async\" class=\"alignnone wp-image-4213 size-large\" src=\"https:\/\/foxconnbajacal.wpengine.com\/wp-content\/uploads\/2021\/02\/foxconn-solutions-npi-rapidproto-1024x592.jpg\" alt=\"\" width=\"800\" height=\"463\" srcset=\"https:\/\/foxconnbc.com.mx\/wp-content\/uploads\/2021\/02\/foxconn-solutions-npi-rapidproto-1024x592.jpg 1024w, https:\/\/foxconnbc.com.mx\/wp-content\/uploads\/2021\/02\/foxconn-solutions-npi-rapidproto-300x173.jpg 300w, https:\/\/foxconnbc.com.mx\/wp-content\/uploads\/2021\/02\/foxconn-solutions-npi-rapidproto-768x444.jpg 768w, https:\/\/foxconnbc.com.mx\/wp-content\/uploads\/2021\/02\/foxconn-solutions-npi-rapidproto-1536x888.jpg 1536w, https:\/\/foxconnbc.com.mx\/wp-content\/uploads\/2021\/02\/foxconn-solutions-npi-rapidproto.jpg 1660w\" sizes=\"(max-width: 800px) 100vw, 800px\" \/><\/p><\/div>\n\t\t\t\t\t\t\t\t\t<div class=\"elementor-tab-title elementor-tab-mobile-title\" aria-selected=\"false\" data-tab=\"3\" role=\"tab\" tabindex=\"-1\" aria-controls=\"elementor-tab-content-1933\" aria-expanded=\"false\"><span class=\"title-icon\"><img decoding=\"async\" width=\"37\" height=\"36\" src=\"\/wp-content\/uploads\/2021\/02\/icon-manufacturing_1.svg\" \/><\/span> Preproducci\u00f3n a <br>producci\u00f3n masiva<\/div>\n\t\t\t\t\t<div id=\"elementor-tab-content-1933\" class=\"elementor-tab-content elementor-clearfix\" data-tab=\"3\" role=\"tabpanel\" aria-labelledby=\"elementor-tab-title-1933\" tabindex=\"0\" hidden=\"hidden\"><p style=\"margin: 60px;\">Desarrollamos internamente los procesos previos de producci\u00f3n en masa para la manufactura de su producto, dando como resultado el conocimiento sobre la capacidad de producci\u00f3n, proceso de fabricaci\u00f3n, confiabilidad y calidad, a trav\u00e9s de la etapa de preproducci\u00f3n garantizamos erradicar los errores y lograr una mejor efectividad en la producci\u00f3n a gran escala.<\/p><p><img loading=\"lazy\" decoding=\"async\" class=\"alignnone wp-image-4214 size-large\" src=\"https:\/\/foxconnbajacal.wpengine.com\/wp-content\/uploads\/2021\/02\/foxconn-solutions-npi-preprod-1024x592.jpg\" alt=\"\" width=\"800\" height=\"463\" srcset=\"https:\/\/foxconnbc.com.mx\/wp-content\/uploads\/2021\/02\/foxconn-solutions-npi-preprod-1024x592.jpg 1024w, https:\/\/foxconnbc.com.mx\/wp-content\/uploads\/2021\/02\/foxconn-solutions-npi-preprod-300x173.jpg 300w, https:\/\/foxconnbc.com.mx\/wp-content\/uploads\/2021\/02\/foxconn-solutions-npi-preprod-768x444.jpg 768w, https:\/\/foxconnbc.com.mx\/wp-content\/uploads\/2021\/02\/foxconn-solutions-npi-preprod-1536x888.jpg 1536w, https:\/\/foxconnbc.com.mx\/wp-content\/uploads\/2021\/02\/foxconn-solutions-npi-preprod.jpg 1660w\" sizes=\"(max-width: 800px) 100vw, 800px\" \/><\/p><\/div>\n\t\t\t\t\t\t\t<\/div>\n\t\t<\/div>\n\t\t\t\t\t\t<\/div>\n\t\t\t\t<\/div>\n\t\t\t\t\t<\/div>\n\t\t<\/div>\n\t\t\t\t\t<\/div>\n\t\t<\/section>\n\t\t\t\t<\/div>\n\t\t","protected":false},"excerpt":{"rendered":"<p>INTRODUCCI\u00d3N DE NUEVOS PRODUCTOS Trabajamos en Ingenieri\u0301a de Pruebas, Prototipos y en colaboracio\u0301n con Ingenieri\u0301a de Productos para definir los requisitos de fabricacio\u0301n dentro del proceso de desarrollo de nuevos productos, con el objetivo de mejorar el tiempo de comercializacio\u0301n. \u00a0 Ingenier\u00eda de pruebas Gesti\u00f3n de prototipos Preproducci\u00f3n a producci\u00f3n masiva Ingenier\u00eda de pruebas Brindando [&hellip;]<\/p>\n","protected":false},"author":4,"featured_media":0,"parent":547,"menu_order":0,"comment_status":"closed","ping_status":"closed","template":"","meta":{"footnotes":""},"class_list":["post-1638","page","type-page","status-publish","hentry"],"_links":{"self":[{"href":"https:\/\/foxconnbc.com.mx\/es\/wp-json\/wp\/v2\/pages\/1638","targetHints":{"allow":["GET"]}}],"collection":[{"href":"https:\/\/foxconnbc.com.mx\/es\/wp-json\/wp\/v2\/pages"}],"about":[{"href":"https:\/\/foxconnbc.com.mx\/es\/wp-json\/wp\/v2\/types\/page"}],"author":[{"embeddable":true,"href":"https:\/\/foxconnbc.com.mx\/es\/wp-json\/wp\/v2\/users\/4"}],"replies":[{"embeddable":true,"href":"https:\/\/foxconnbc.com.mx\/es\/wp-json\/wp\/v2\/comments?post=1638"}],"version-history":[{"count":0,"href":"https:\/\/foxconnbc.com.mx\/es\/wp-json\/wp\/v2\/pages\/1638\/revisions"}],"up":[{"embeddable":true,"href":"https:\/\/foxconnbc.com.mx\/es\/wp-json\/wp\/v2\/pages\/547"}],"wp:attachment":[{"href":"https:\/\/foxconnbc.com.mx\/es\/wp-json\/wp\/v2\/media?parent=1638"}],"curies":[{"name":"wp","href":"https:\/\/api.w.org\/{rel}","templated":true}]}}